{"id":2754,"date":"2024-03-05T20:37:31","date_gmt":"2024-03-05T20:37:31","guid":{"rendered":"https:\/\/testesvalorem.com\/sunbay\/?page_id=2754"},"modified":"2024-03-07T17:09:48","modified_gmt":"2024-03-07T17:09:48","slug":"eventos","status":"publish","type":"page","link":"https:\/\/testesvalorem.com\/sunbay\/eventos\/","title":{"rendered":"Eventos"},"content":{"rendered":"\t\t<div data-elementor-type=\"wp-page\" data-elementor-id=\"2754\" class=\"elementor elementor-2754\" data-elementor-post-type=\"page\">\n\t\t\t\t<div class=\"elementor-element elementor-element-994a68e e-con-full e-flex e-con e-parent\" data-id=\"994a68e\" data-element_type=\"container\" data-settings=\"{&quot;background_background&quot;:&quot;classic&quot;}\">\n\t\t<div class=\"elementor-element elementor-element-a1c5e9d e-flex e-con-boxed e-con e-child\" data-id=\"a1c5e9d\" data-element_type=\"container\">\n\t\t\t\t\t<div class=\"e-con-inner\">\n\t\t\t\t<div class=\"elementor-element elementor-element-9f9b1b4 elementor-widget elementor-widget-heading\" data-id=\"9f9b1b4\" data-element_type=\"widget\" data-widget_type=\"heading.default\">\n\t\t\t\t<div class=\"elementor-widget-container\">\n\t\t\t\t\t<h1 class=\"elementor-heading-title elementor-size-default\"><i>Realize seu evento <\/i>no\n<strong>Sun Bay<\/strong><\/h1>\t\t\t\t<\/div>\n\t\t\t\t<\/div>\n\t\t\t\t\t<\/div>\n\t\t\t\t<\/div>\n\t\t\t\t<\/div>\n\t\t<div class=\"elementor-element elementor-element-f056fae e-con-full e-flex e-con e-parent\" data-id=\"f056fae\" data-element_type=\"container\" data-settings=\"{&quot;background_background&quot;:&quot;classic&quot;}\">\n\t\t<div class=\"elementor-element elementor-element-9737d39 e-con-full e-flex e-con e-child\" data-id=\"9737d39\" data-element_type=\"container\" data-settings=\"{&quot;background_background&quot;:&quot;classic&quot;}\">\n\t\t\t\t<div class=\"elementor-element elementor-element-1f30455 elementor-widget elementor-widget-heading\" data-id=\"1f30455\" data-element_type=\"widget\" data-widget_type=\"heading.default\">\n\t\t\t\t<div class=\"elementor-widget-container\">\n\t\t\t\t\t<h2 class=\"elementor-heading-title elementor-size-default\"><i>Desfrute do espa\u00e7o externo e da sala especialmente planejada para realizar o seu evento<\/i><\/h2>\t\t\t\t<\/div>\n\t\t\t\t<\/div>\n\t\t\t\t<div class=\"elementor-element elementor-element-d9b642a elementor-widget elementor-widget-text-editor\" data-id=\"d9b642a\" data-element_type=\"widget\" data-widget_type=\"text-editor.default\">\n\t\t\t\t<div class=\"elementor-widget-container\">\n\t\t\t\t\t\t\t\t\t<p>Estamos preparados para receber o seu evento e tornar o seu dia inesquec\u00edvel. Do happy hour \u00e0 confraterniza\u00e7\u00f5es, casamentos, palestras. Conte com nossa equipe para cuidar de cada detalhe do seu evento. Possu\u00edmos um grande espa\u00e7o ao ar livre.<\/p><ul class=\"list_check\"><li>Podemos desenvolver um card\u00e1pio exclusivo de acordo com o perfil dos convidados;<\/li><li>Apoio log\u00edstico do detalhamento \u00e0 realiza\u00e7\u00e3o do evento;<\/li><li>Possu\u00edmos um grande espa\u00e7o ao ar livre, onde a natureza ir\u00e1 compor o cen\u00e1rio ideal.<\/li><\/ul>\t\t\t\t\t\t\t\t<\/div>\n\t\t\t\t<\/div>\n\t\t\t\t<div class=\"elementor-element elementor-element-8531ecc elementor-widget elementor-widget-text-editor\" data-id=\"8531ecc\" data-element_type=\"widget\" data-widget_type=\"text-editor.default\">\n\t\t\t\t<div class=\"elementor-widget-container\">\n\t\t\t\t\t\t\t\t\tFa\u00e7a seu evento personalizado aqui no Hotel Sun Bay!\t\t\t\t\t\t\t\t<\/div>\n\t\t\t\t<\/div>\n\t\t\t\t<div class=\"elementor-element elementor-element-456cf3a elementor-widget elementor-widget-button\" data-id=\"456cf3a\" data-element_type=\"widget\" data-widget_type=\"button.default\">\n\t\t\t\t<div class=\"elementor-widget-container\">\n\t\t\t\t\t\t\t\t\t<div class=\"elementor-button-wrapper\">\n\t\t\t\t\t<a class=\"elementor-button elementor-button-link elementor-size-sm\" href=\"https:\/\/wa.me\/558432462373?text=Ol%C3%A1%21+Estou+vindo+do+site+e+queria+tirar+algumas+d%C3%BAvidas.\">\n\t\t\t\t\t\t<span class=\"elementor-button-content-wrapper\">\n\t\t\t\t\t\t\t\t\t<span class=\"elementor-button-text\">ENTRAR EM CONTATO<\/span>\n\t\t\t\t\t<\/span>\n\t\t\t\t\t<\/a>\n\t\t\t\t<\/div>\n\t\t\t\t\t\t\t\t<\/div>\n\t\t\t\t<\/div>\n\t\t\t\t<div class=\"elementor-element elementor-element-5c434ea elementor-absolute elementor-widget elementor-widget-image\" data-id=\"5c434ea\" data-element_type=\"widget\" data-settings=\"{&quot;_position&quot;:&quot;absolute&quot;}\" data-widget_type=\"image.default\">\n\t\t\t\t<div class=\"elementor-widget-container\">\n\t\t\t\t\t\t\t\t\t\t\t\t\t\t\t<img decoding=\"async\" width=\"216\" height=\"226\" src=\"https:\/\/testesvalorem.com\/sunbay\/wp-content\/uploads\/2024\/01\/folha-amarela.svg\" class=\"attachment-full size-full wp-image-160\" alt=\"\" \/>\t\t\t\t\t\t\t\t\t\t\t\t\t\t\t<\/div>\n\t\t\t\t<\/div>\n\t\t\t\t<\/div>\n\t\t<div class=\"elementor-element elementor-element-66ce38f e-con-full e-flex e-con e-child\" data-id=\"66ce38f\" data-element_type=\"container\" data-settings=\"{&quot;background_background&quot;:&quot;classic&quot;}\">\n\t\t\t\t<\/div>\n\t\t\t\t<\/div>\n\t\t\t\t<\/div>\n\t\t","protected":false},"excerpt":{"rendered":"<p>Realize seu evento no Sun Bay Desfrute do espa\u00e7o externo e da sala especialmente planejada para realizar o seu evento Estamos preparados para receber o seu evento e tornar o seu dia inesquec\u00edvel. Do happy hour \u00e0 confraterniza\u00e7\u00f5es, casamentos, palestras. Conte com nossa equipe para cuidar de cada detalhe do seu evento. Possu\u00edmos um grande [&hellip;]<\/p>\n","protected":false},"author":1,"featured_media":0,"parent":0,"menu_order":0,"comment_status":"closed","ping_status":"closed","template":"","meta":{"inline_featured_image":false,"footnotes":""},"class_list":["post-2754","page","type-page","status-publish","hentry"],"_links":{"self":[{"href":"https:\/\/testesvalorem.com\/sunbay\/wp-json\/wp\/v2\/pages\/2754","targetHints":{"allow":["GET"]}}],"collection":[{"href":"https:\/\/testesvalorem.com\/sunbay\/wp-json\/wp\/v2\/pages"}],"about":[{"href":"https:\/\/testesvalorem.com\/sunbay\/wp-json\/wp\/v2\/types\/page"}],"author":[{"embeddable":true,"href":"https:\/\/testesvalorem.com\/sunbay\/wp-json\/wp\/v2\/users\/1"}],"replies":[{"embeddable":true,"href":"https:\/\/testesvalorem.com\/sunbay\/wp-json\/wp\/v2\/comments?post=2754"}],"version-history":[{"count":39,"href":"https:\/\/testesvalorem.com\/sunbay\/wp-json\/wp\/v2\/pages\/2754\/revisions"}],"predecessor-version":[{"id":3254,"href":"https:\/\/testesvalorem.com\/sunbay\/wp-json\/wp\/v2\/pages\/2754\/revisions\/3254"}],"wp:attachment":[{"href":"https:\/\/testesvalorem.com\/sunbay\/wp-json\/wp\/v2\/media?parent=2754"}],"curies":[{"name":"wp","href":"https:\/\/api.w.org\/{rel}","templated":true}]}}