{"id":2747,"date":"2024-03-05T20:27:05","date_gmt":"2024-03-05T20:27:05","guid":{"rendered":"https:\/\/testesvalorem.com\/sunbay\/?page_id=2747"},"modified":"2024-03-07T15:23:34","modified_gmt":"2024-03-07T15:23:34","slug":"day-use","status":"publish","type":"page","link":"https:\/\/testesvalorem.com\/sunbay\/day-use\/","title":{"rendered":"Day Use"},"content":{"rendered":"\t\t<div data-elementor-type=\"wp-page\" data-elementor-id=\"2747\" class=\"elementor elementor-2747\" data-elementor-post-type=\"page\">\n\t\t\t\t<div class=\"elementor-element elementor-element-994a68e e-con-full e-flex e-con e-parent\" data-id=\"994a68e\" data-element_type=\"container\" data-settings=\"{&quot;background_background&quot;:&quot;classic&quot;}\">\n\t\t<div class=\"elementor-element elementor-element-a1c5e9d e-flex e-con-boxed e-con e-child\" data-id=\"a1c5e9d\" data-element_type=\"container\">\n\t\t\t\t\t<div class=\"e-con-inner\">\n\t\t\t\t<div class=\"elementor-element elementor-element-9f9b1b4 elementor-widget elementor-widget-heading\" data-id=\"9f9b1b4\" data-element_type=\"widget\" data-widget_type=\"heading.default\">\n\t\t\t\t<div class=\"elementor-widget-container\">\n\t\t\t\t\t<h2 class=\"elementor-heading-title elementor-size-default\"><i>Day Use<\/i><\/br> \n<strong>Sun Bay<\/strong><\/h2>\t\t\t\t<\/div>\n\t\t\t\t<\/div>\n\t\t\t\t\t<\/div>\n\t\t\t\t<\/div>\n\t\t<div class=\"elementor-element elementor-element-74769c9 e-con-full e-flex e-con e-child\" data-id=\"74769c9\" data-element_type=\"container\" data-settings=\"{&quot;position&quot;:&quot;absolute&quot;}\">\n\t\t<div class=\"elementor-element elementor-element-869b1ad e-con-full e-flex e-con e-child\" data-id=\"869b1ad\" data-element_type=\"container\">\n\t\t\t\t<div class=\"elementor-element elementor-element-1e11c3d elementor-widget elementor-widget-image\" data-id=\"1e11c3d\" data-element_type=\"widget\" data-widget_type=\"image.default\">\n\t\t\t\t<div class=\"elementor-widget-container\">\n\t\t\t\t\t\t\t\t\t\t\t\t\t\t\t<img decoding=\"async\" width=\"1440\" height=\"31\" src=\"https:\/\/testesvalorem.com\/sunbay\/wp-content\/uploads\/2024\/01\/Divisor-Ondas.svg\" class=\"attachment-full size-full wp-image-70\" alt=\"\" \/>\t\t\t\t\t\t\t\t\t\t\t\t\t\t\t<\/div>\n\t\t\t\t<\/div>\n\t\t\t\t<\/div>\n\t\t\t\t<\/div>\n\t\t\t\t<\/div>\n\t\t<div class=\"elementor-element elementor-element-c23b262 e-flex e-con-boxed e-con e-parent\" data-id=\"c23b262\" data-element_type=\"container\" data-settings=\"{&quot;background_background&quot;:&quot;classic&quot;}\">\n\t\t\t\t\t<div class=\"e-con-inner\">\n\t\t<div class=\"elementor-element elementor-element-5b8a59a e-con-full e-flex e-con e-child\" data-id=\"5b8a59a\" data-element_type=\"container\" data-settings=\"{&quot;background_background&quot;:&quot;classic&quot;}\">\n\t\t\t\t<div class=\"elementor-element elementor-element-ed6b58e elementor-widget elementor-widget-heading\" data-id=\"ed6b58e\" data-element_type=\"widget\" data-widget_type=\"heading.default\">\n\t\t\t\t<div class=\"elementor-widget-container\">\n\t\t\t\t\t<h2 class=\"elementor-heading-title elementor-size-default\"><i>Termos e Condi\u00e7\u00f5es<\/i><\/h2>\t\t\t\t<\/div>\n\t\t\t\t<\/div>\n\t\t\t\t<div class=\"elementor-element elementor-element-01a5896 elementor-widget elementor-widget-text-editor\" data-id=\"01a5896\" data-element_type=\"widget\" data-widget_type=\"text-editor.default\">\n\t\t\t\t<div class=\"elementor-widget-container\">\n\t\t\t\t\t\t\t\t\t<p>Para aproveitar este servi\u00e7o, cobramos o valor de R$ 77,00 (setenta e sete reais) por pessoa, que dar\u00e1 acesso \u00e0s piscinas, ao restaurante e demais \u00e1reas comuns do hotel. O pagamento do consumo dever\u00e1 ser efetuado diretamente no restaurante do hotel. Para ter acesso \u00e0s piscinas e outras \u00e1reas de lazer, identifique-se na recep\u00e7\u00e3o e retire a pulseira (visitante) que lhe dar\u00e1 o direito de permanecer no hotel.<\/p>\t\t\t\t\t\t\t\t<\/div>\n\t\t\t\t<\/div>\n\t\t\t\t<div class=\"elementor-element elementor-element-b822a69 elementor-widget elementor-widget-text-editor\" data-id=\"b822a69\" data-element_type=\"widget\" data-widget_type=\"text-editor.default\">\n\t\t\t\t<div class=\"elementor-widget-container\">\n\t\t\t\t\t\t\t\t\tConfira as regras do Day Use:\t\t\t\t\t\t\t\t<\/div>\n\t\t\t\t<\/div>\n\t\t\t\t<div class=\"elementor-element elementor-element-29f2e5b elementor-widget elementor-widget-text-editor\" data-id=\"29f2e5b\" data-element_type=\"widget\" data-widget_type=\"text-editor.default\">\n\t\t\t\t<div class=\"elementor-widget-container\">\n\t\t\t\t\t\t\t\t\t<ul class=\"list_check\"><li>Crian\u00e7as de 0 a 5 anos n\u00e3o pagam;<\/li><li>Crian\u00e7as de 06 a 12 anos pagam metade do valor;<\/li><li>Servi\u00e7o de toalhas n\u00e3o incluso;<\/li><li>N\u00e3o agendamos, confirma\u00e7\u00e3o sob consulta diretamente com a recep\u00e7\u00e3o.<\/li><\/ul><p>\u00a0<\/p><hr class=\"no_line\" \/><p>\u00a0<\/p><p><strong>Hor\u00e1rio de Funcionamento:<\/strong> Diariamente, das 11h \u00e0s 18h .<\/p><p><strong>Verifique a disponibilidade:<\/strong> Telefone e Whatsapp <a href=\"tel:+558432462373\"><strong>(84) 3246-2373<\/strong><\/a><\/p>\t\t\t\t\t\t\t\t<\/div>\n\t\t\t\t<\/div>\n\t\t\t\t<div class=\"elementor-element elementor-element-ee10560 elementor-widget elementor-widget-button\" data-id=\"ee10560\" data-element_type=\"widget\" data-widget_type=\"button.default\">\n\t\t\t\t<div class=\"elementor-widget-container\">\n\t\t\t\t\t\t\t\t\t<div class=\"elementor-button-wrapper\">\n\t\t\t\t\t<a class=\"elementor-button elementor-button-link elementor-size-sm\" href=\"#\">\n\t\t\t\t\t\t<span class=\"elementor-button-content-wrapper\">\n\t\t\t\t\t\t\t\t\t<span class=\"elementor-button-text\">ENTRE EM CONTATO<\/span>\n\t\t\t\t\t<\/span>\n\t\t\t\t\t<\/a>\n\t\t\t\t<\/div>\n\t\t\t\t\t\t\t\t<\/div>\n\t\t\t\t<\/div>\n\t\t\t\t<\/div>\n\t\t<div class=\"elementor-element elementor-element-71d352b e-con-full e-flex e-con e-child\" data-id=\"71d352b\" data-element_type=\"container\" data-settings=\"{&quot;background_background&quot;:&quot;classic&quot;}\">\n\t\t\t\t<div class=\"elementor-element elementor-element-b92c321 elementor-widget elementor-widget-image\" data-id=\"b92c321\" data-element_type=\"widget\" data-widget_type=\"image.default\">\n\t\t\t\t<div class=\"elementor-widget-container\">\n\t\t\t\t\t\t\t\t\t\t\t\t\t\t\t<img fetchpriority=\"high\" decoding=\"async\" width=\"757\" height=\"1024\" src=\"https:\/\/testesvalorem.com\/sunbay\/wp-content\/uploads\/2024\/03\/day-use-757x1024.png\" class=\"attachment-large size-large wp-image-2750\" alt=\"\" srcset=\"https:\/\/testesvalorem.com\/sunbay\/wp-content\/uploads\/2024\/03\/day-use-757x1024.png 757w, https:\/\/testesvalorem.com\/sunbay\/wp-content\/uploads\/2024\/03\/day-use-222x300.png 222w, https:\/\/testesvalorem.com\/sunbay\/wp-content\/uploads\/2024\/03\/day-use-768x1039.png 768w, https:\/\/testesvalorem.com\/sunbay\/wp-content\/uploads\/2024\/03\/day-use.png 780w\" sizes=\"(max-width: 757px) 100vw, 757px\" \/>\t\t\t\t\t\t\t\t\t\t\t\t\t\t\t<\/div>\n\t\t\t\t<\/div>\n\t\t\t\t<\/div>\n\t\t<div class=\"elementor-element elementor-element-8ca5568 e-con-full e-flex e-con e-child\" data-id=\"8ca5568\" data-element_type=\"container\" data-settings=\"{&quot;position&quot;:&quot;absolute&quot;}\">\n\t\t<div class=\"elementor-element elementor-element-8008036 e-con-full e-flex e-con e-child\" data-id=\"8008036\" data-element_type=\"container\">\n\t\t\t\t<div class=\"elementor-element elementor-element-e23c19d elementor-widget elementor-widget-image\" data-id=\"e23c19d\" data-element_type=\"widget\" data-widget_type=\"image.default\">\n\t\t\t\t<div class=\"elementor-widget-container\">\n\t\t\t\t\t\t\t\t\t\t\t\t\t\t\t<img decoding=\"async\" width=\"1440\" height=\"31\" src=\"https:\/\/testesvalorem.com\/sunbay\/wp-content\/uploads\/2024\/01\/Divisor-Ondas.svg\" class=\"attachment-full size-full wp-image-70\" alt=\"\" \/>\t\t\t\t\t\t\t\t\t\t\t\t\t\t\t<\/div>\n\t\t\t\t<\/div>\n\t\t\t\t<\/div>\n\t\t\t\t<\/div>\n\t\t\t\t\t<\/div>\n\t\t\t\t<\/div>\n\t\t\t\t<\/div>\n\t\t","protected":false},"excerpt":{"rendered":"<p>Day Use Sun Bay Termos e Condi\u00e7\u00f5es Para aproveitar este servi\u00e7o, cobramos o valor de R$ 77,00 (setenta e sete reais) por pessoa, que dar\u00e1 acesso \u00e0s piscinas, ao restaurante e demais \u00e1reas comuns do hotel. O pagamento do consumo dever\u00e1 ser efetuado diretamente no restaurante do hotel. Para ter acesso \u00e0s piscinas e outras [&hellip;]<\/p>\n","protected":false},"author":1,"featured_media":0,"parent":0,"menu_order":0,"comment_status":"closed","ping_status":"closed","template":"","meta":{"inline_featured_image":false,"footnotes":""},"class_list":["post-2747","page","type-page","status-publish","hentry"],"_links":{"self":[{"href":"https:\/\/testesvalorem.com\/sunbay\/wp-json\/wp\/v2\/pages\/2747","targetHints":{"allow":["GET"]}}],"collection":[{"href":"https:\/\/testesvalorem.com\/sunbay\/wp-json\/wp\/v2\/pages"}],"about":[{"href":"https:\/\/testesvalorem.com\/sunbay\/wp-json\/wp\/v2\/types\/page"}],"author":[{"embeddable":true,"href":"https:\/\/testesvalorem.com\/sunbay\/wp-json\/wp\/v2\/users\/1"}],"replies":[{"embeddable":true,"href":"https:\/\/testesvalorem.com\/sunbay\/wp-json\/wp\/v2\/comments?post=2747"}],"version-history":[{"count":10,"href":"https:\/\/testesvalorem.com\/sunbay\/wp-json\/wp\/v2\/pages\/2747\/revisions"}],"predecessor-version":[{"id":3196,"href":"https:\/\/testesvalorem.com\/sunbay\/wp-json\/wp\/v2\/pages\/2747\/revisions\/3196"}],"wp:attachment":[{"href":"https:\/\/testesvalorem.com\/sunbay\/wp-json\/wp\/v2\/media?parent=2747"}],"curies":[{"name":"wp","href":"https:\/\/api.w.org\/{rel}","templated":true}]}}